{"id":6583,"date":"2015-11-13T09:51:14","date_gmt":"2015-11-13T08:51:14","guid":{"rendered":"https:\/\/www.auvieuxnavire.ch\/en\/?page_id=6583"},"modified":"2020-05-05T15:51:33","modified_gmt":"2020-05-05T14:51:33","slug":"restaurant-gault-et-millau-vaud","status":"publish","type":"page","link":"https:\/\/www.auvieuxnavire.ch\/en\/restaurant-gault-et-millau-vaud\/","title":{"rendered":"REFERENCES"},"content":{"rendered":"<div class=\"wpb-content-wrapper\">[vc_row][vc_column][mk_padding_divider size=&#8221;70&#8243;][mk_fancy_title color=&#8221;#a07430&#8243; size=&#8221;23&#8243; font_weight=&#8221;bold&#8221; txt_transform=&#8221;uppercase&#8221; font_family=&#8221;none&#8221; align=&#8221;center&#8221;]Les r\u00e9f\u00e9rences de choix du &#8220;Vieux Navire&#8221;[\/mk_fancy_title][\/vc_column][\/vc_row][vc_row][vc_column width=&#8221;1\/6&#8243;][\/vc_column][vc_column width=&#8221;2\/3&#8243;][mk_custom_box padding_vertical=&#8221;0&#8243; margin_bottom=&#8221;0&#8243;][mk_image src=&#8221;https:\/\/www.auvieuxnavire.ch\/wp-content\/uploads\/2019\/05\/gaultmillau14new.png&#8221; image_width=&#8221;160&#8243; image_height=&#8221;140&#8243; align=&#8221;center&#8221; el_class=&#8221;my-logo1&#8243;][mk_fancy_title color=&#8221;#a07430&#8243; size=&#8221;22&#8243; font_weight=&#8221;300&#8243; font_family=&#8221;none&#8221; align=&#8221;center&#8221;]<strong>&#8211; Gault&amp;Millau 2019 &#8211;<\/strong>[\/mk_fancy_title][mk_fancy_title color=&#8221;#a07430&#8243; size=&#8221;22&#8243; font_weight=&#8221;300&#8243; font_family=&#8221;none&#8221; align=&#8221;center&#8221;]\n<p style=\"text-align: justify;\">&#8220;The Old Ship celebrates 100 years! And his owner Bastian de Raadt relaunched the business twenty years ago. A double anniversary for this successful address. The setting, warm and friendly, evokes Parisian breweries. The terrace is an enchantment: from the first beautiful days, it is taken by storm, so remember to book! With its retro furniture, the Old Ship is the ideal meeting place for families and friends. Even when the room is packed, the staff remains welcoming, smiling and cheerful. Discreet and professional, he knows the composition of food on the fingertips. Since always, we come here for the famous nets of perch. Available in four variants, offered in one or two services, they come golden, tender and tasty. Arctic char and lake f\u00e9ra come from L\u00e9man. More exotic, the whole lobster, grilled with lava stone and shelled, arrives served with a butter with fresh herbs. Another proposal, the perfect egg with Burgundy, slow cooking, arrives on a nest of sweet onions and reveals an exquisite finesse. The scallops, just snacked and erected on a fray of leeks with a cloud of smoked haddock and a thin tile with squid ink, are a success. Meats &#8211; entrecote, fillet of beef or veal chop &#8211; are served with homemade sauces of your choice. Note that the fries are also homemade, as the salad dressing, recipe kept secret, that can also buy to take away. The whole cockerel, although slightly overcooked, pleases with its creamy morel sauce. Indispensable for dessert, Suzette crepes flamb\u00e9es indoor are a signature dish of the Old Ship. And the mellow chocolate is justly famous. The orange supremes standing rosette are a refreshing treat. The Li\u00e8ge coffee completes this ode to tradition. The wines, especially Vaudois and scratched by famous winegrowers, give the replica to beautiful Bordeaux wines. Nice choice of crus by the glass at reasonable prices.&#8221;<\/p>\n[\/mk_fancy_title][mk_image src=&#8221;https:\/\/www.auvieuxnavire.ch\/wp-content\/uploads\/2015\/11\/logo-Guide-Michelin.png&#8221; image_width=&#8221;300&#8243; image_height=&#8221;40&#8243; align=&#8221;center&#8221; el_class=&#8221;my-logo2&#8243;][mk_fancy_title color=&#8221;#a07430&#8243; size=&#8221;22&#8243; font_weight=&#8221;300&#8243; margin_bottom=&#8221;10&#8243; font_family=&#8221;none&#8221; align=&#8221;center&#8221;]<strong>&#8211; The Michelin Guide 2019 &#8211;<\/strong>[\/mk_fancy_title][mk_fancy_title color=&#8221;#a07430&#8243; size=&#8221;22&#8243; font_weight=&#8221;300&#8243; margin_bottom=&#8221;10&#8243; font_family=&#8221;none&#8221; align=&#8221;center&#8221;]\n<p style=\"text-align: justify;\">&#8220;We embark with pleasure on this Old Ship! In a nice interior patina, it comes mostly to taste perch fillets in tartar sauce, with salad and homemade fries, or, for dessert, a crepe Suzette flamb\u00e9 indoor &#8211; the specialty of the house. Beautiful view of Lake Geneva from the terrace.&#8221;<\/p>\n[\/mk_fancy_title][mk_image src=&#8221;https:\/\/www.auvieuxnavire.ch\/wp-content\/uploads\/2015\/11\/logo-coup-de-fourchette.png&#8221; image_width=&#8221;180&#8243; image_height=&#8221;160&#8243; align=&#8221;center&#8221; el_class=&#8221;my-logo3&#8243;][mk_fancy_title color=&#8221;#a07430&#8243; size=&#8221;22&#8243; font_weight=&#8221;300&#8243; margin_bottom=&#8221;10&#8243; font_family=&#8221;none&#8221; align=&#8221;center&#8221;]<strong>&#8211; Le Coup de Fourchette 2010 &#8211;<\/strong>[\/mk_fancy_title][mk_fancy_title color=&#8221;#a07430&#8243; size=&#8221;22&#8243; font_weight=&#8221;300&#8243; margin_bottom=&#8221;10&#8243; font_family=&#8221;none&#8221; align=&#8221;center&#8221;]\n<p style=\"text-align: justify;\">&#8220;&#8230;suggestions au gr\u00e9 d&#8217;une carte courte mais plaisante, plut\u00f4t grande tradition fran\u00e7aise, renouvel\u00e9e chaque saison. L&#8217;ambiance fait brasserie parisienne, avec un service rapide et efficace, une client\u00e8le chic qui s&#8217;encanaille. La carte des vins est \u00e9l\u00e9gante, \u00e0 des prix raisonnables.&#8221;<\/p>\n[\/mk_fancy_title][mk_image src=&#8221;https:\/\/www.auvieuxnavire.ch\/wp-content\/uploads\/2015\/11\/logo-grandes-tables.png&#8221; image_width=&#8221;400&#8243; image_height=&#8221;80&#8243; align=&#8221;center&#8221; margin_bottom=&#8221;30&#8243; crop=&#8221;false&#8221;][mk_fancy_title color=&#8221;#a07430&#8243; size=&#8221;22&#8243; font_weight=&#8221;300&#8243; font_family=&#8221;none&#8221; align=&#8221;center&#8221;]<strong>&#8211; GrandesTables.ch 2010 &#8211;<\/strong>[\/mk_fancy_title][mk_fancy_title color=&#8221;#a07430&#8243; size=&#8221;22&#8243; font_weight=&#8221;300&#8243; font_family=&#8221;none&#8221; align=&#8221;center&#8221;]&#8221;Au Vieux Navire&#8221; \u00e0 Buchillon, Le coup de coeur de Bernard Ravet&#8221;[\/mk_fancy_title][mk_padding_divider][mk_image src=&#8221;https:\/\/www.auvieuxnavire.ch\/wp-content\/uploads\/2015\/11\/Certificat-excellence-tripadvisor.png&#8221; image_width=&#8221;400&#8243; image_height=&#8221;400&#8243; link=&#8221;http:\/\/www.tripadvisor.fr\/Restaurant_Review-g5496138-d1119224-Reviews-Au_Vieux_Navire-Buchillon_Canton_of_Vaud.html&#8221; target=&#8221;_blank&#8221; align=&#8221;center&#8221; margin_bottom=&#8221;50&#8243; crop=&#8221;false&#8221;][mk_padding_divider][\/mk_custom_box][\/vc_column][vc_column width=&#8221;1\/6&#8243;][\/vc_column][\/vc_row]\n<\/div>","protected":false},"excerpt":{"rendered":"<p>[vc_row][vc_column][mk_padding_divider size=&#8221;70&#8243;][mk_fancy_title color=&#8221;#a07430&#8243; size=&#8221;23&#8243; font_weight=&#8221;bold&#8221; txt_transform=&#8221;uppercase&#8221; font_family=&#8221;none&#8221; align=&#8221;center&#8221;]Les r\u00e9f\u00e9rences de choix du &#8220;Vieux Navire&#8221;[\/mk_fancy_title][\/vc_column][\/vc_row][vc_row][vc_column width=&#8221;1\/6&#8243;][\/vc_column][vc_column width=&#8221;2\/3&#8243;][mk_custom_box padding_vertical=&#8221;0&#8243; margin_bottom=&#8221;0&#8243;][mk_image src=&#8221;https:\/\/www.auvieuxnavire.ch\/wp-content\/uploads\/2019\/05\/gaultmillau14new.png&#8221; image_width=&#8221;160&#8243; image_height=&#8221;140&#8243; align=&#8221;center&#8221; el_class=&#8221;my-logo1&#8243;][mk_fancy_title color=&#8221;#a07430&#8243; size=&#8221;22&#8243; font_weight=&#8221;300&#8243; font_family=&#8221;none&#8221; align=&#8221;center&#8221;]&#8211; Gault&amp;Millau 2019 &#8211;[\/mk_fancy_title][mk_fancy_title color=&#8221;#a07430&#8243; size=&#8221;22&#8243; font_weight=&#8221;300&#8243; font_family=&#8221;none&#8221; align=&#8221;center&#8221;] &#8220;The Old Ship celebrates 100 years! And his owner Bastian de Raadt relaunched the business twenty years ago. A [&hellip;]<\/p>\n","protected":false},"author":1,"featured_media":0,"parent":0,"menu_order":0,"comment_status":"closed","ping_status":"closed","template":"","meta":{"footnotes":""},"class_list":["post-6583","page","type-page","status-publish","hentry"],"yoast_head":"<!-- This site is optimized with the Yoast SEO plugin v27.4 - https:\/\/yoast.com\/product\/yoast-seo-wordpress\/ -->\n<title>Au Vieux Navire | Restaurant Gault et Millau Vaud<\/title>\n<meta name=\"description\" content=\"Le restaurant Au Vieux Navire dans le canton de Vaud \u00e0 Buchillon, pr\u00e9sent dans le Gault et Millau, vous accueille sur les bords du Lac L\u00e9man dans un cadre authentique et agr\u00e9able.\" \/>\n<meta name=\"robots\" content=\"index, follow, max-snippet:-1, max-image-preview:large, max-video-preview:-1\" \/>\n<link rel=\"canonical\" href=\"https:\/\/www.auvieuxnavire.ch\/en\/restaurant-gault-et-millau-vaud\/\" \/>\n<meta property=\"og:locale\" content=\"en_US\" \/>\n<meta property=\"og:type\" content=\"article\" \/>\n<meta property=\"og:title\" content=\"Au Vieux Navire | Restaurant Gault et Millau Vaud\" \/>\n<meta property=\"og:description\" content=\"Le restaurant Au Vieux Navire dans le canton de Vaud \u00e0 Buchillon, pr\u00e9sent dans le Gault et Millau, vous accueille sur les bords du Lac L\u00e9man dans un cadre authentique et agr\u00e9able.\" \/>\n<meta property=\"og:url\" content=\"https:\/\/www.auvieuxnavire.ch\/en\/restaurant-gault-et-millau-vaud\/\" \/>\n<meta property=\"og:site_name\" content=\"Restaurant Au Vieux Navire\" \/>\n<meta property=\"article:modified_time\" content=\"2020-05-05T14:51:33+00:00\" \/>\n<meta name=\"twitter:card\" content=\"summary_large_image\" \/>\n<meta name=\"twitter:label1\" content=\"Est. reading time\" \/>\n\t<meta name=\"twitter:data1\" content=\"4 minutes\" \/>\n<script type=\"application\/ld+json\" class=\"yoast-schema-graph\">{\"@context\":\"https:\\\/\\\/schema.org\",\"@graph\":[{\"@type\":\"WebPage\",\"@id\":\"https:\\\/\\\/www.auvieuxnavire.ch\\\/en\\\/restaurant-gault-et-millau-vaud\\\/\",\"url\":\"https:\\\/\\\/www.auvieuxnavire.ch\\\/en\\\/restaurant-gault-et-millau-vaud\\\/\",\"name\":\"Au Vieux Navire | Restaurant Gault et Millau Vaud\",\"isPartOf\":{\"@id\":\"https:\\\/\\\/www.auvieuxnavire.ch\\\/#website\"},\"datePublished\":\"2015-11-13T08:51:14+00:00\",\"dateModified\":\"2020-05-05T14:51:33+00:00\",\"description\":\"Le restaurant Au Vieux Navire dans le canton de Vaud \u00e0 Buchillon, pr\u00e9sent dans le Gault et Millau, vous accueille sur les bords du Lac L\u00e9man dans un cadre authentique et agr\u00e9able.\",\"breadcrumb\":{\"@id\":\"https:\\\/\\\/www.auvieuxnavire.ch\\\/en\\\/restaurant-gault-et-millau-vaud\\\/#breadcrumb\"},\"inLanguage\":\"en-US\",\"potentialAction\":[{\"@type\":\"ReadAction\",\"target\":[\"https:\\\/\\\/www.auvieuxnavire.ch\\\/en\\\/restaurant-gault-et-millau-vaud\\\/\"]}]},{\"@type\":\"BreadcrumbList\",\"@id\":\"https:\\\/\\\/www.auvieuxnavire.ch\\\/en\\\/restaurant-gault-et-millau-vaud\\\/#breadcrumb\",\"itemListElement\":[{\"@type\":\"ListItem\",\"position\":1,\"name\":\"Accueil\",\"item\":\"https:\\\/\\\/www.auvieuxnavire.ch\\\/en\\\/\"},{\"@type\":\"ListItem\",\"position\":2,\"name\":\"REFERENCES\"}]},{\"@type\":\"WebSite\",\"@id\":\"https:\\\/\\\/www.auvieuxnavire.ch\\\/#website\",\"url\":\"https:\\\/\\\/www.auvieuxnavire.ch\\\/\",\"name\":\"Restaurant Au Vieux Navire\",\"description\":\"Meilleurs filets de perche du Canton de Vaud\",\"potentialAction\":[{\"@type\":\"SearchAction\",\"target\":{\"@type\":\"EntryPoint\",\"urlTemplate\":\"https:\\\/\\\/www.auvieuxnavire.ch\\\/?s={search_term_string}\"},\"query-input\":{\"@type\":\"PropertyValueSpecification\",\"valueRequired\":true,\"valueName\":\"search_term_string\"}}],\"inLanguage\":\"en-US\"}]}<\/script>\n<!-- \/ Yoast SEO plugin. -->","yoast_head_json":{"title":"Au Vieux Navire | Restaurant Gault et Millau Vaud","description":"Le restaurant Au Vieux Navire dans le canton de Vaud \u00e0 Buchillon, pr\u00e9sent dans le Gault et Millau, vous accueille sur les bords du Lac L\u00e9man dans un cadre authentique et agr\u00e9able.","robots":{"index":"index","follow":"follow","max-snippet":"max-snippet:-1","max-image-preview":"max-image-preview:large","max-video-preview":"max-video-preview:-1"},"canonical":"https:\/\/www.auvieuxnavire.ch\/en\/restaurant-gault-et-millau-vaud\/","og_locale":"en_US","og_type":"article","og_title":"Au Vieux Navire | Restaurant Gault et Millau Vaud","og_description":"Le restaurant Au Vieux Navire dans le canton de Vaud \u00e0 Buchillon, pr\u00e9sent dans le Gault et Millau, vous accueille sur les bords du Lac L\u00e9man dans un cadre authentique et agr\u00e9able.","og_url":"https:\/\/www.auvieuxnavire.ch\/en\/restaurant-gault-et-millau-vaud\/","og_site_name":"Restaurant Au Vieux Navire","article_modified_time":"2020-05-05T14:51:33+00:00","twitter_card":"summary_large_image","twitter_misc":{"Est. reading time":"4 minutes"},"schema":{"@context":"https:\/\/schema.org","@graph":[{"@type":"WebPage","@id":"https:\/\/www.auvieuxnavire.ch\/en\/restaurant-gault-et-millau-vaud\/","url":"https:\/\/www.auvieuxnavire.ch\/en\/restaurant-gault-et-millau-vaud\/","name":"Au Vieux Navire | Restaurant Gault et Millau Vaud","isPartOf":{"@id":"https:\/\/www.auvieuxnavire.ch\/#website"},"datePublished":"2015-11-13T08:51:14+00:00","dateModified":"2020-05-05T14:51:33+00:00","description":"Le restaurant Au Vieux Navire dans le canton de Vaud \u00e0 Buchillon, pr\u00e9sent dans le Gault et Millau, vous accueille sur les bords du Lac L\u00e9man dans un cadre authentique et agr\u00e9able.","breadcrumb":{"@id":"https:\/\/www.auvieuxnavire.ch\/en\/restaurant-gault-et-millau-vaud\/#breadcrumb"},"inLanguage":"en-US","potentialAction":[{"@type":"ReadAction","target":["https:\/\/www.auvieuxnavire.ch\/en\/restaurant-gault-et-millau-vaud\/"]}]},{"@type":"BreadcrumbList","@id":"https:\/\/www.auvieuxnavire.ch\/en\/restaurant-gault-et-millau-vaud\/#breadcrumb","itemListElement":[{"@type":"ListItem","position":1,"name":"Accueil","item":"https:\/\/www.auvieuxnavire.ch\/en\/"},{"@type":"ListItem","position":2,"name":"REFERENCES"}]},{"@type":"WebSite","@id":"https:\/\/www.auvieuxnavire.ch\/#website","url":"https:\/\/www.auvieuxnavire.ch\/","name":"Restaurant Au Vieux Navire","description":"Meilleurs filets de perche du Canton de Vaud","potentialAction":[{"@type":"SearchAction","target":{"@type":"EntryPoint","urlTemplate":"https:\/\/www.auvieuxnavire.ch\/?s={search_term_string}"},"query-input":{"@type":"PropertyValueSpecification","valueRequired":true,"valueName":"search_term_string"}}],"inLanguage":"en-US"}]}},"_links":{"self":[{"href":"https:\/\/www.auvieuxnavire.ch\/en\/wp-json\/wp\/v2\/pages\/6583","targetHints":{"allow":["GET"]}}],"collection":[{"href":"https:\/\/www.auvieuxnavire.ch\/en\/wp-json\/wp\/v2\/pages"}],"about":[{"href":"https:\/\/www.auvieuxnavire.ch\/en\/wp-json\/wp\/v2\/types\/page"}],"author":[{"embeddable":true,"href":"https:\/\/www.auvieuxnavire.ch\/en\/wp-json\/wp\/v2\/users\/1"}],"replies":[{"embeddable":true,"href":"https:\/\/www.auvieuxnavire.ch\/en\/wp-json\/wp\/v2\/comments?post=6583"}],"version-history":[{"count":39,"href":"https:\/\/www.auvieuxnavire.ch\/en\/wp-json\/wp\/v2\/pages\/6583\/revisions"}],"predecessor-version":[{"id":8970,"href":"https:\/\/www.auvieuxnavire.ch\/en\/wp-json\/wp\/v2\/pages\/6583\/revisions\/8970"}],"wp:attachment":[{"href":"https:\/\/www.auvieuxnavire.ch\/en\/wp-json\/wp\/v2\/media?parent=6583"}],"curies":[{"name":"wp","href":"https:\/\/api.w.org\/{rel}","templated":true}]}}