{"id":7142,"date":"2016-01-11T10:10:38","date_gmt":"2016-01-11T09:10:38","guid":{"rendered":"https:\/\/www.auvieuxnavire.ch\/en\/?page_id=7142"},"modified":"2020-05-08T13:57:25","modified_gmt":"2020-05-08T12:57:25","slug":"introduction","status":"publish","type":"page","link":"https:\/\/www.auvieuxnavire.ch\/en\/","title":{"rendered":"Introduction"},"content":{"rendered":"<div class=\"wpb-content-wrapper\">[mk_page_section bg_color=&#8221;#001001&#8243; full_height=&#8221;true&#8221; padding_top=&#8221;0&#8243; padding_bottom=&#8221;0&#8243; first_page=&#8221;true&#8221; last_page=&#8221;true&#8221; sidebar=&#8221;sidebar-1&#8243;][vc_column][vc_row_inner visibility=&#8221;visible-sm&#8221; css=&#8221;.vc_custom_1460718157650{padding-top: 0px !important;padding-right: 0px !important;padding-bottom: 0px !important;padding-left: 0px !important;}&#8221;][vc_column_inner][mk_padding_divider size=&#8221;100&#8243;][\/vc_column_inner][\/vc_row_inner][vc_single_image image=&#8221;8860&#8243; img_size=&#8221;640&#215;400&#8243; alignment=&#8221;center&#8221; css_animation=&#8221;appear&#8221;][mk_fancy_title margin_top=&#8221;2&#8243; margin_bottom=&#8221;50&#8243; font_family=&#8221;none&#8221; align=&#8221;center&#8221;]\n<p><a href=\"https:\/\/www.auvieuxnavire.ch\/accueil\/\">Fran\u00e7ais | <\/a><a href=\"https:\/\/www.auvieuxnavire.ch\/en\/setting\/\">English<\/a><\/p>\n[\/mk_fancy_title][vc_row_inner visibility=&#8221;visible-sm&#8221; css=&#8221;.vc_custom_1460718157650{padding-top: 0px !important;padding-right: 0px !important;padding-bottom: 0px !important;padding-left: 0px !important;}&#8221;][vc_column_inner][mk_padding_divider size=&#8221;200&#8243;][vc_column_text]\n<h1><span style=\"font-size: 0px;\"><a href=\"https:\/\/plus.google.com\/105663155259715689600\/about\" rel=\"publisher\">Le restaurant Au Vieux Navire \u00e0 Buchillon au c\u0153ur de La C\u00f4te dans le Vaud vous invite dans un cadre authentique et romantique pour d\u00e9guster de nombreuses sp\u00e9cialit\u00e9s comme divers poissons du lac, homard ou la chasse mais aussi les meilleurs filets de perche du canton de Vaud. Prim\u00e9 par le Gault et Millau, nous vous offrons une vue incroyable sur le lac l\u00e9man depuis notre terrasse. <\/a><\/span><\/h1>\n[\/vc_column_text][\/vc_column_inner][\/vc_row_inner][\/vc_column][\/mk_page_section]\n<\/div>","protected":false},"excerpt":{"rendered":"<p>[mk_page_section bg_color=&#8221;#001001&#8243; full_height=&#8221;true&#8221; padding_top=&#8221;0&#8243; padding_bottom=&#8221;0&#8243; first_page=&#8221;true&#8221; last_page=&#8221;true&#8221; sidebar=&#8221;sidebar-1&#8243;][vc_column][vc_row_inner visibility=&#8221;visible-sm&#8221; css=&#8221;.vc_custom_1460718157650{padding-top: 0px !important;padding-right: 0px !important;padding-bottom: 0px !important;padding-left: 0px !important;}&#8221;][vc_column_inner][mk_padding_divider size=&#8221;100&#8243;][\/vc_column_inner][\/vc_row_inner][vc_single_image image=&#8221;8860&#8243; img_size=&#8221;640&#215;400&#8243; alignment=&#8221;center&#8221; css_animation=&#8221;appear&#8221;][mk_fancy_title margin_top=&#8221;2&#8243; margin_bottom=&#8221;50&#8243; font_family=&#8221;none&#8221; align=&#8221;center&#8221;] Fran\u00e7ais | English [\/mk_fancy_title][vc_row_inner visibility=&#8221;visible-sm&#8221; css=&#8221;.vc_custom_1460718157650{padding-top: 0px !important;padding-right: 0px !important;padding-bottom: 0px !important;padding-left: 0px !important;}&#8221;][vc_column_inner][mk_padding_divider size=&#8221;200&#8243;][vc_column_text] Le restaurant Au Vieux Navire \u00e0 Buchillon au c\u0153ur de La C\u00f4te dans [&hellip;]<\/p>\n","protected":false},"author":1,"featured_media":0,"parent":0,"menu_order":0,"comment_status":"closed","ping_status":"closed","template":"","meta":{"footnotes":""},"class_list":["post-7142","page","type-page","status-publish","hentry"],"yoast_head":"<!-- This site is optimized with the Yoast SEO plugin v27.4 - https:\/\/yoast.com\/product\/yoast-seo-wordpress\/ -->\n<title>Au Vieux Navire | Restaurant Vue Lac L\u00e9man et Filets de Perche La C\u00f4te<\/title>\n<meta name=\"description\" content=\"Au restaurant Au Vieux Navire au c\u0153ur de La C\u00f4te, profitez d&#039;une vue incroyable sur le lac l\u00e9man en savourant nos filets de perche.\" \/>\n<meta name=\"robots\" content=\"index, follow, max-snippet:-1, max-image-preview:large, max-video-preview:-1\" \/>\n<link rel=\"canonical\" href=\"https:\/\/www.auvieuxnavire.ch\/en\/\" \/>\n<meta property=\"og:locale\" content=\"en_US\" \/>\n<meta property=\"og:type\" content=\"article\" \/>\n<meta property=\"og:title\" content=\"Au Vieux Navire | Restaurant Vue Lac L\u00e9man et Filets de Perche La C\u00f4te\" \/>\n<meta property=\"og:description\" content=\"Au restaurant Au Vieux Navire au c\u0153ur de La C\u00f4te, profitez d&#039;une vue incroyable sur le lac l\u00e9man en savourant nos filets de perche.\" \/>\n<meta property=\"og:url\" content=\"https:\/\/www.auvieuxnavire.ch\/en\/\" \/>\n<meta property=\"og:site_name\" content=\"Restaurant Au Vieux Navire\" \/>\n<meta property=\"article:modified_time\" content=\"2020-05-08T12:57:25+00:00\" \/>\n<meta name=\"twitter:card\" content=\"summary_large_image\" \/>\n<meta name=\"twitter:label1\" content=\"Est. reading time\" \/>\n\t<meta name=\"twitter:data1\" content=\"1 minute\" \/>\n<script type=\"application\/ld+json\" class=\"yoast-schema-graph\">{\"@context\":\"https:\\\/\\\/schema.org\",\"@graph\":[{\"@type\":\"WebPage\",\"@id\":\"https:\\\/\\\/www.auvieuxnavire.ch\\\/en\\\/\",\"url\":\"https:\\\/\\\/www.auvieuxnavire.ch\\\/en\\\/\",\"name\":\"Au Vieux Navire | Restaurant Vue Lac L\u00e9man et Filets de Perche La C\u00f4te\",\"isPartOf\":{\"@id\":\"https:\\\/\\\/www.auvieuxnavire.ch\\\/#website\"},\"datePublished\":\"2016-01-11T09:10:38+00:00\",\"dateModified\":\"2020-05-08T12:57:25+00:00\",\"description\":\"Au restaurant Au Vieux Navire au c\u0153ur de La C\u00f4te, profitez d'une vue incroyable sur le lac l\u00e9man en savourant nos filets de perche.\",\"breadcrumb\":{\"@id\":\"https:\\\/\\\/www.auvieuxnavire.ch\\\/en\\\/#breadcrumb\"},\"inLanguage\":\"en-US\",\"potentialAction\":[{\"@type\":\"ReadAction\",\"target\":[\"https:\\\/\\\/www.auvieuxnavire.ch\\\/en\\\/\"]}]},{\"@type\":\"BreadcrumbList\",\"@id\":\"https:\\\/\\\/www.auvieuxnavire.ch\\\/en\\\/#breadcrumb\",\"itemListElement\":[{\"@type\":\"ListItem\",\"position\":1,\"name\":\"Accueil\",\"item\":\"https:\\\/\\\/www.auvieuxnavire.ch\\\/en\\\/\"},{\"@type\":\"ListItem\",\"position\":2,\"name\":\"Introduction\"}]},{\"@type\":\"WebSite\",\"@id\":\"https:\\\/\\\/www.auvieuxnavire.ch\\\/#website\",\"url\":\"https:\\\/\\\/www.auvieuxnavire.ch\\\/\",\"name\":\"Restaurant Au Vieux Navire\",\"description\":\"Meilleurs filets de perche du Canton de Vaud\",\"potentialAction\":[{\"@type\":\"SearchAction\",\"target\":{\"@type\":\"EntryPoint\",\"urlTemplate\":\"https:\\\/\\\/www.auvieuxnavire.ch\\\/?s={search_term_string}\"},\"query-input\":{\"@type\":\"PropertyValueSpecification\",\"valueRequired\":true,\"valueName\":\"search_term_string\"}}],\"inLanguage\":\"en-US\"}]}<\/script>\n<!-- \/ Yoast SEO plugin. -->","yoast_head_json":{"title":"Au Vieux Navire | Restaurant Vue Lac L\u00e9man et Filets de Perche La C\u00f4te","description":"Au restaurant Au Vieux Navire au c\u0153ur de La C\u00f4te, profitez d'une vue incroyable sur le lac l\u00e9man en savourant nos filets de perche.","robots":{"index":"index","follow":"follow","max-snippet":"max-snippet:-1","max-image-preview":"max-image-preview:large","max-video-preview":"max-video-preview:-1"},"canonical":"https:\/\/www.auvieuxnavire.ch\/en\/","og_locale":"en_US","og_type":"article","og_title":"Au Vieux Navire | Restaurant Vue Lac L\u00e9man et Filets de Perche La C\u00f4te","og_description":"Au restaurant Au Vieux Navire au c\u0153ur de La C\u00f4te, profitez d'une vue incroyable sur le lac l\u00e9man en savourant nos filets de perche.","og_url":"https:\/\/www.auvieuxnavire.ch\/en\/","og_site_name":"Restaurant Au Vieux Navire","article_modified_time":"2020-05-08T12:57:25+00:00","twitter_card":"summary_large_image","twitter_misc":{"Est. reading time":"1 minute"},"schema":{"@context":"https:\/\/schema.org","@graph":[{"@type":"WebPage","@id":"https:\/\/www.auvieuxnavire.ch\/en\/","url":"https:\/\/www.auvieuxnavire.ch\/en\/","name":"Au Vieux Navire | Restaurant Vue Lac L\u00e9man et Filets de Perche La C\u00f4te","isPartOf":{"@id":"https:\/\/www.auvieuxnavire.ch\/#website"},"datePublished":"2016-01-11T09:10:38+00:00","dateModified":"2020-05-08T12:57:25+00:00","description":"Au restaurant Au Vieux Navire au c\u0153ur de La C\u00f4te, profitez d'une vue incroyable sur le lac l\u00e9man en savourant nos filets de perche.","breadcrumb":{"@id":"https:\/\/www.auvieuxnavire.ch\/en\/#breadcrumb"},"inLanguage":"en-US","potentialAction":[{"@type":"ReadAction","target":["https:\/\/www.auvieuxnavire.ch\/en\/"]}]},{"@type":"BreadcrumbList","@id":"https:\/\/www.auvieuxnavire.ch\/en\/#breadcrumb","itemListElement":[{"@type":"ListItem","position":1,"name":"Accueil","item":"https:\/\/www.auvieuxnavire.ch\/en\/"},{"@type":"ListItem","position":2,"name":"Introduction"}]},{"@type":"WebSite","@id":"https:\/\/www.auvieuxnavire.ch\/#website","url":"https:\/\/www.auvieuxnavire.ch\/","name":"Restaurant Au Vieux Navire","description":"Meilleurs filets de perche du Canton de Vaud","potentialAction":[{"@type":"SearchAction","target":{"@type":"EntryPoint","urlTemplate":"https:\/\/www.auvieuxnavire.ch\/?s={search_term_string}"},"query-input":{"@type":"PropertyValueSpecification","valueRequired":true,"valueName":"search_term_string"}}],"inLanguage":"en-US"}]}},"_links":{"self":[{"href":"https:\/\/www.auvieuxnavire.ch\/en\/wp-json\/wp\/v2\/pages\/7142","targetHints":{"allow":["GET"]}}],"collection":[{"href":"https:\/\/www.auvieuxnavire.ch\/en\/wp-json\/wp\/v2\/pages"}],"about":[{"href":"https:\/\/www.auvieuxnavire.ch\/en\/wp-json\/wp\/v2\/types\/page"}],"author":[{"embeddable":true,"href":"https:\/\/www.auvieuxnavire.ch\/en\/wp-json\/wp\/v2\/users\/1"}],"replies":[{"embeddable":true,"href":"https:\/\/www.auvieuxnavire.ch\/en\/wp-json\/wp\/v2\/comments?post=7142"}],"version-history":[{"count":16,"href":"https:\/\/www.auvieuxnavire.ch\/en\/wp-json\/wp\/v2\/pages\/7142\/revisions"}],"predecessor-version":[{"id":8981,"href":"https:\/\/www.auvieuxnavire.ch\/en\/wp-json\/wp\/v2\/pages\/7142\/revisions\/8981"}],"wp:attachment":[{"href":"https:\/\/www.auvieuxnavire.ch\/en\/wp-json\/wp\/v2\/media?parent=7142"}],"curies":[{"name":"wp","href":"https:\/\/api.w.org\/{rel}","templated":true}]}}